{"id":629,"date":"2017-07-18T15:45:07","date_gmt":"2017-07-18T12:45:07","guid":{"rendered":"http:\/\/www.karamelek.org\/?page_id=24"},"modified":"2022-06-09T18:51:28","modified_gmt":"2022-06-09T15:51:28","slug":"murat-yalcin","status":"publish","type":"page","link":"https:\/\/www.muratyalcin.com.tr\/blog\/murat-yalcin\/","title":{"rendered":"MURAT YAL\u00c7IN K\u0130MD\u0130R?"},"content":{"rendered":"<p>\u00d6ncelikle kendimden bahsetmek istiyorum biraz. Gitar \u00e7almay\u0131 seviyorum. M\u00fczik dinlemekten inan\u0131lmaz haz al\u0131yorum. Gezip dola\u015fmaktan \u00e7ok ho\u015flan\u0131yorum. Foto\u011fraf\u0131m\u0131n \u00e7ekilmesinden nefret ediyor, foto\u011fraf \u00e7ekmeye bay\u0131l\u0131yorum.<\/p>\n<p>Teknoloji olarak tam bir Apple fan\u0131y\u0131m. iPhone , iPad ve Macbook\u2019lar\u2019a a\u015f\u0131\u011f\u0131m diyebilirim. K\u0131sacas\u0131 Apple \u00fcretimi olan her\u015feyi \u00e7ok fazla seviyor ve ilgileniyorum\u2026.<\/p>\n<p class=\"p1\">K\u0131sacas\u0131 teknoloji ile i\u00e7 i\u00e7e kimseye zarar\u0131 olmayan m\u00fctevaz\u0131\u0131<span class=\"Apple-converted-space\">\u00a0\u00a0<\/span>bir hayat ya\u015f\u0131yorum\u00a0<img decoding=\"async\" class=\"emoji\" role=\"img\" draggable=\"false\" src=\"https:\/\/s.w.org\/images\/core\/emoji\/13.1.0\/svg\/1f642.svg\" alt=\"\ud83d\ude42\" \/> Birazda web sitemiz hakk\u0131nda konu\u015fal\u0131m isterseniz\u2026Bili\u015fim Teknolojileri alan\u0131nda i\u00e7erik \u00fcretmek \u00fczere olu\u015fturulmu\u015f olan;<br \/>\n<strong>www.muratyalcin.com.tr<\/strong>\u00a02018 y\u0131l\u0131nda\u00a0<strong>Murat YAL\u00c7IN<\/strong>\u00a0taraf\u0131ndan yani benim taraf\u0131mdan hayata ge\u00e7irilmi\u015ftir.Yazm\u0131\u015f oldu\u011fum makalelerin yay\u0131nland\u0131\u011f\u0131 bu ki\u015fisel blogun konu \u00e7er\u00e7evesi \u015fu \u015fekilde \u00e7izilmi\u015ftir:<br \/>\n\u2013 Yeni web giri\u015fimleri hakk\u0131nda farkl\u0131 kaynaklardan bilgi toplamak, bizzat test etmek ve bu de\u011ferlendirme s\u00fcrecinde ortaya \u00e7\u0131kan sonu\u00e7lar\u0131 kullan\u0131c\u0131lar\u0131na aktarmak,<\/p>\n<p>\u2013 Tasar\u0131m ve programlama konusunda farkl\u0131 teknikler g\u00f6stererek okuyucular\u0131n\u0131n g\u00fcn\u00fcm\u00fcz kalite standard\u0131nda program yazmas\u0131 ve tasar\u0131mlar yapmas\u0131 konusunda yol g\u00f6stermek,<\/p>\n<p>\u2013 T\u00fcrkiyedeki internet sekt\u00f6r\u00fcn\u00fc ilgilendiren konularda fikir bildirmek ve ortaya \u00e7\u0131kabilecek tart\u0131\u015fmalarda \u00e7\u00f6z\u00fcme ula\u015fma yolunda teknik destek sa\u011flamak.<\/p>\n<p>\u2013 Masa\u00fcst\u00fc programc\u0131l\u0131\u011f\u0131 olan C# ile projeler geli\u015ftirip sizlerle payla\u015fmak ve geri d\u00f6n\u00fc\u015fler almak.<\/p>\n<p>Bu site bir ki\u015fisel yard\u0131m blogu ve genel bilgi deposudur. Uygulamalar s\u0131ras\u0131nda ortaya \u00e7\u0131kabilecek sorunlar\u0131n\u0131z\u0131 konu ile ilgili sitemizde tart\u0131\u015fabilirsiniz. Benimle irtibata ge\u00e7mek i\u00e7in\u00a0<a href=\"https:\/\/www.muratyalcin.com.tr\/iletisim\/\">\u0130leti\u015fim<\/a>\u00a0sayfas\u0131n\u0131 kullanabilirsiniz.<\/p>\n","protected":false},"excerpt":{"rendered":"<p>\u00d6ncelikle kendimden bahsetmek istiyorum biraz. Gitar \u00e7almay\u0131 seviyorum. M\u00fczik dinlemekten inan\u0131lmaz haz al\u0131yorum. Gezip dola\u015fmaktan \u00e7ok ho\u015flan\u0131yorum. Foto\u011fraf\u0131m\u0131n \u00e7ekilmesinden nefret ediyor, foto\u011fraf \u00e7ekmeye bay\u0131l\u0131yorum. Teknoloji olarak tam bir Apple fan\u0131y\u0131m. iPhone , iPad ve Macbook\u2019lar\u2019a a\u015f\u0131\u011f\u0131m diyebilirim. K\u0131sacas\u0131 Apple \u00fcretimi olan her\u015feyi \u00e7ok fazla seviyor ve ilgileniyorum\u2026. K\u0131sacas\u0131 teknoloji ile i\u00e7 i\u00e7e kimseye zarar\u0131 olmayan &hellip;<\/p>\n","protected":false},"author":1,"featured_media":0,"parent":0,"menu_order":0,"comment_status":"closed","ping_status":"closed","template":"","meta":{"footnotes":""},"class_list":["post-629","page","type-page","status-publish","hentry"],"amp_enabled":true,"_links":{"self":[{"href":"https:\/\/www.muratyalcin.com.tr\/blog\/wp-json\/wp\/v2\/pages\/629","targetHints":{"allow":["GET"]}}],"collection":[{"href":"https:\/\/www.muratyalcin.com.tr\/blog\/wp-json\/wp\/v2\/pages"}],"about":[{"href":"https:\/\/www.muratyalcin.com.tr\/blog\/wp-json\/wp\/v2\/types\/page"}],"author":[{"embeddable":true,"href":"https:\/\/www.muratyalcin.com.tr\/blog\/wp-json\/wp\/v2\/users\/1"}],"replies":[{"embeddable":true,"href":"https:\/\/www.muratyalcin.com.tr\/blog\/wp-json\/wp\/v2\/comments?post=629"}],"version-history":[{"count":2,"href":"https:\/\/www.muratyalcin.com.tr\/blog\/wp-json\/wp\/v2\/pages\/629\/revisions"}],"predecessor-version":[{"id":2647,"href":"https:\/\/www.muratyalcin.com.tr\/blog\/wp-json\/wp\/v2\/pages\/629\/revisions\/2647"}],"wp:attachment":[{"href":"https:\/\/www.muratyalcin.com.tr\/blog\/wp-json\/wp\/v2\/media?parent=629"}],"curies":[{"name":"wp","href":"https:\/\/api.w.org\/{rel}","templated":true}]}}