{"id":682,"date":"2018-10-29T16:26:53","date_gmt":"2018-10-29T13:26:53","guid":{"rendered":"http:\/\/www.muratyalcin.com.tr\/blog\/?page_id=682"},"modified":"2022-06-11T08:36:06","modified_gmt":"2022-06-11T05:36:06","slug":"iletisim","status":"publish","type":"page","link":"https:\/\/www.muratyalcin.com.tr\/blog\/iletisim\/","title":{"rendered":"\u0130LET\u0130\u015e\u0130M"},"content":{"rendered":"<p><strong><img decoding=\"async\" class=\"alignleft\" src=\"https:\/\/encrypted-tbn0.gstatic.com\/images?q=tbn:ANd9GcQtx9P_WXwOIImtCtjhxUYCpKZWMVhIyAaFm1wXc_O83IJbC4Km\" alt=\"https:\/\/encrypted-tbn0.gstatic.com\/images?q=tbn:ANd9GcQtx9P_WXwOIImtCtjhxUYCpKZWMVhIyAaFm1wXc_O83IJbC4Km\" \/><\/strong><\/p>\n<p><strong>Web sitemiz hakk\u0131nda g\u00f6r\u00fc\u015f, \u00f6neri, \u015fikayet gibi konular i\u00e7in benimle\u00a0 a\u015fa\u011f\u0131daki formu doldurarak ileti\u015fime ge\u00e7ebilirsiniz. <\/strong>Ayr\u0131ca mail ile ileti\u015fime ge\u00e7mek i\u00e7in;<br \/>\n<strong>admin@muratyalcin.com.tr<\/strong><strong><br \/>\n<\/strong>Adresini de kullanabilirsiniz.<\/p>\n<p>&nbsp;<\/p>\n<p>&nbsp;<\/p>\n<div class=\"everest-forms\"><div class=\"evf-container default\" id=\"evf-392\"><form id=\"evf-form-392\" class=\"everest-form\" data-formid=\"392\" data-ajax_submission=\"0\" data-keyboard_friendly_form=\"0\" data-form_state_type=\"\" method=\"post\" enctype=\"multipart\/form-data\" action=\"\/blog\/wp-json\/wp\/v2\/pages\/682\"><div class=\"evf-field-container\"><input type=\"hidden\" id=\"_wpnonce392\" name=\"_wpnonce392\" value=\"6a72c738ec\" \/><input type=\"hidden\" name=\"_wp_http_referer\" value=\"\/blog\/wp-json\/wp\/v2\/pages\/682\" \/><div class=\"evf-frontend-row\" data-row=\"row_1\" conditional_rules=\"[]\"><div class=\"evf-frontend-grid evf-grid-1\" data-grid=\"grid_1\"><div id=\"evf-392-field_zcbkcy0kyC-1-container\" class=\"evf-field evf-field-first-name form-row validate-required\" data-required-field-message=\"Doldurulmas\u0131 Zorunlu Alan.\" data-field-id=\"zcbkcy0kyC-1\"><label class=\"evf-field-label\" for=\"evf-392-field_zcbkcy0kyC-1\"><span class=\"evf-label\">Ad\u0131n\u0131z<\/span> <abbr class=\"required\" title=\"Required\">*<\/abbr><\/label><input type=\"text\" id=\"evf-392-field_zcbkcy0kyC-1\" class=\"input-text\" name=\"everest_forms[form_fields][zcbkcy0kyC-1]\" required><\/div><div id=\"evf-392-field_aNtdO1dYm6-5-container\" class=\"evf-field evf-field-email form-row validate-required validate-email\" data-required-field-message=\"L\u00fctfen mail format\u0131nda mailinizi giriniz.\" data-field-id=\"aNtdO1dYm6-5\"><label class=\"evf-field-label\" for=\"evf-392-field_aNtdO1dYm6-5\"><span class=\"evf-label\">Email Adresiniz<\/span> <abbr class=\"required\" title=\"Required\">*<\/abbr><\/label><input type=\"email\" id=\"evf-392-field_aNtdO1dYm6-5\" class=\"input-text\" name=\"everest_forms[form_fields][aNtdO1dYm6-5]\" required ><\/div><div id=\"evf-392-field_sUOT12XdCF-4-container\" class=\"evf-field evf-field-textarea form-row validate-required\" data-required-field-message=\"Doldurulmas\u0131 Zorunlu Alan.\" data-field-id=\"sUOT12XdCF-4\"><label class=\"evf-field-label\" for=\"evf-392-field_sUOT12XdCF-4\"><span class=\"evf-label\">Mesaj\u0131n\u0131z<\/span> <abbr class=\"required\" title=\"Required\">*<\/abbr><\/label><textarea id=\"evf-392-field_sUOT12XdCF-4\" class=\"input-text\" name=\"everest_forms[form_fields][sUOT12XdCF-4]\" required ><\/textarea><\/div><\/div><\/div><\/div><div class=\"evf-honeypot-container evf-field-hp\"><label for=\"evf-392-field-hp\" class=\"evf-field-label\">Email<\/label><input type=\"text\" name=\"everest_forms[hp]\" id=\"evf-392-field-hp\" class=\"input-text\"><\/div><div class=\"evf-submit-container \" ><input type=\"hidden\" name=\"everest_forms[id]\" value=\"392\"><input type=\"hidden\" name=\"everest_forms[author]\" value=\"1\"><button type='submit' name='everest_forms[submit]' class='everest-forms-submit-button button evf-submit ' id='evf-submit-392' value='evf-submit' data-process-text=\"G\u00f6nderiliyor\u2026\" conditional_rules='&quot;&quot;' conditional_id='evf-submit-392'  id=\"evf-submit-392\" aria-live=\"assertive\">G\u00f6nder<\/button><\/div><\/form><\/div><!-- .evf-container --><\/div>\n","protected":false},"excerpt":{"rendered":"<p>Web sitemiz hakk\u0131nda g\u00f6r\u00fc\u015f, \u00f6neri, \u015fikayet gibi konular i\u00e7in benimle\u00a0 a\u015fa\u011f\u0131daki formu doldurarak ileti\u015fime ge\u00e7ebilirsiniz. Ayr\u0131ca mail ile ileti\u015fime ge\u00e7mek i\u00e7in; admin@muratyalcin.com.tr Adresini de kullanabilirsiniz. &nbsp; &nbsp;<\/p>\n","protected":false},"author":1,"featured_media":0,"parent":0,"menu_order":0,"comment_status":"closed","ping_status":"closed","template":"","meta":{"footnotes":""},"class_list":["post-682","page","type-page","status-publish","hentry"],"amp_enabled":true,"_links":{"self":[{"href":"https:\/\/www.muratyalcin.com.tr\/blog\/wp-json\/wp\/v2\/pages\/682","targetHints":{"allow":["GET"]}}],"collection":[{"href":"https:\/\/www.muratyalcin.com.tr\/blog\/wp-json\/wp\/v2\/pages"}],"about":[{"href":"https:\/\/www.muratyalcin.com.tr\/blog\/wp-json\/wp\/v2\/types\/page"}],"author":[{"embeddable":true,"href":"https:\/\/www.muratyalcin.com.tr\/blog\/wp-json\/wp\/v2\/users\/1"}],"replies":[{"embeddable":true,"href":"https:\/\/www.muratyalcin.com.tr\/blog\/wp-json\/wp\/v2\/comments?post=682"}],"version-history":[{"count":6,"href":"https:\/\/www.muratyalcin.com.tr\/blog\/wp-json\/wp\/v2\/pages\/682\/revisions"}],"predecessor-version":[{"id":2649,"href":"https:\/\/www.muratyalcin.com.tr\/blog\/wp-json\/wp\/v2\/pages\/682\/revisions\/2649"}],"wp:attachment":[{"href":"https:\/\/www.muratyalcin.com.tr\/blog\/wp-json\/wp\/v2\/media?parent=682"}],"curies":[{"name":"wp","href":"https:\/\/api.w.org\/{rel}","templated":true}]}}